{"id":9539,"date":"2024-12-01T01:36:21","date_gmt":"2024-12-01T01:36:21","guid":{"rendered":"https:\/\/glinttglobal.com\/?page_id=9539"},"modified":"2025-02-22T19:19:28","modified_gmt":"2025-02-22T19:19:28","slug":"data-treatment","status":"publish","type":"page","link":"https:\/\/glinttglobal.com\/en\/data-treatment\/","title":{"rendered":"Data treatment"},"content":{"rendered":"\t\t<div data-elementor-type=\"wp-page\" data-elementor-id=\"9539\" class=\"elementor elementor-9539 elementor-9519\" data-elementor-post-type=\"page\">\n\t\t\t\t<div class=\"elementor-element elementor-element-f77fa9d animated-slow e-flex e-con-boxed elementor-invisible e-con e-parent\" data-id=\"f77fa9d\" data-element_type=\"container\" data-e-type=\"container\" data-settings=\"{&quot;background_background&quot;:&quot;classic&quot;,&quot;animation&quot;:&quot;fadeIn&quot;}\">\n\t\t\t\t\t<div class=\"e-con-inner\">\n\t\t<div class=\"elementor-element elementor-element-027121f e-con-full animated-slow e-flex elementor-invisible e-con e-child\" data-id=\"027121f\" data-element_type=\"container\" data-e-type=\"container\" data-settings=\"{&quot;animation&quot;:&quot;fadeInDown&quot;,&quot;animation_delay&quot;:400}\">\n\t\t\t\t<div class=\"elementor-element elementor-element-a1284ca elementor-widget elementor-widget-heading\" data-id=\"a1284ca\" data-element_type=\"widget\" data-e-type=\"widget\" data-widget_type=\"heading.default\">\n\t\t\t\t<div class=\"elementor-widget-container\">\n\t\t\t\t\t<p class=\"elementor-heading-title elementor-size-default\">Data treatment<\/p>\t\t\t\t<\/div>\n\t\t\t\t<\/div>\n\t\t\t\t<div class=\"elementor-element elementor-element-d9ebf4f elementor-widget elementor-widget-heading\" data-id=\"d9ebf4f\" data-element_type=\"widget\" data-e-type=\"widget\" data-widget_type=\"heading.default\">\n\t\t\t\t<div class=\"elementor-widget-container\">\n\t\t\t\t\t<h1 class=\"elementor-heading-title elementor-size-default\">Data treatment rules<\/h1>\t\t\t\t<\/div>\n\t\t\t\t<\/div>\n\t\t\t\t<div class=\"elementor-element elementor-element-76994e1 elementor-widget elementor-widget-text-editor\" data-id=\"76994e1\" data-element_type=\"widget\" data-e-type=\"widget\" data-widget_type=\"text-editor.default\">\n\t\t\t\t<div class=\"elementor-widget-container\">\n\t\t\t\t\t\t\t\t\t<p>We take care of your personal data<\/p>\t\t\t\t\t\t\t\t<\/div>\n\t\t\t\t<\/div>\n\t\t\t\t<\/div>\n\t\t<div class=\"elementor-element elementor-element-52b5d5f e-con-full elementor-hidden-tablet elementor-hidden-mobile e-flex e-con e-child\" data-id=\"52b5d5f\" data-element_type=\"container\" data-e-type=\"container\">\n\t\t\t\t<\/div>\n\t\t\t\t\t<\/div>\n\t\t\t\t<\/div>\n\t\t<div class=\"elementor-element elementor-element-9412162 privacy-policy-sec e-flex e-con-boxed e-con e-parent\" data-id=\"9412162\" data-element_type=\"container\" data-e-type=\"container\" data-settings=\"{&quot;background_background&quot;:&quot;classic&quot;}\">\n\t\t\t\t\t<div class=\"e-con-inner\">\n\t\t<div class=\"elementor-element elementor-element-99cf4e8 e-flex e-con-boxed e-con e-child\" data-id=\"99cf4e8\" data-element_type=\"container\" data-e-type=\"container\">\n\t\t\t\t\t<div class=\"e-con-inner\">\n\t\t\t\t<div class=\"elementor-element elementor-element-877c650 animated-slow elementor-invisible elementor-widget elementor-widget-heading\" data-id=\"877c650\" data-element_type=\"widget\" data-e-type=\"widget\" data-settings=\"{&quot;_animation_delay&quot;:400,&quot;_animation&quot;:&quot;fadeInDown&quot;}\" data-widget_type=\"heading.default\">\n\t\t\t\t<div class=\"elementor-widget-container\">\n\t\t\t\t\t<h2 class=\"elementor-heading-title elementor-size-default\">General Information<\/h2>\t\t\t\t<\/div>\n\t\t\t\t<\/div>\n\t\t\t\t<div class=\"elementor-element elementor-element-884cbc6 animated-slow elementor-invisible elementor-widget elementor-widget-text-editor\" data-id=\"884cbc6\" data-element_type=\"widget\" data-e-type=\"widget\" data-settings=\"{&quot;_animation&quot;:&quot;fadeInDown&quot;,&quot;_animation_delay&quot;:400}\" data-widget_type=\"text-editor.default\">\n\t\t\t\t<div class=\"elementor-widget-container\">\n\t\t\t\t\t\t\t\t\t<table><tbody><tr><td width=\"208\"><p><strong>Data controller<\/strong><\/p><\/td><td width=\"359\"><p>Glintt Global, S.A. &#8211; NIF: 503541320. DUNS: 455586537<\/p><\/td><\/tr><tr><td width=\"208\"><p><strong>Data source<\/strong><\/p><\/td><td width=\"359\"><p>From the person concerned or legal representatives<\/p><\/td><\/tr><tr><td width=\"208\"><p><strong>Interested parties<\/strong><\/p><\/td><td width=\"359\"><p>Customers<\/p><\/td><\/tr><tr><td width=\"208\"><p><strong>Data<\/strong><\/p><\/td><td width=\"359\"><p>Name, email address, telephone number, ANF membership number and any other information you provide in the communication<\/p><\/td><\/tr><tr><td width=\"208\"><p><strong>Purposes<\/strong><\/p><\/td><td width=\"359\"><p>Management of incidents submitted by customers<\/p><\/td><\/tr><tr><td width=\"208\"><p><strong>Data retention<\/strong><\/p><\/td><td width=\"359\"><p>During the mandatory legal periods and for at least 5 years from the last interaction<\/p><\/td><\/tr><tr><td width=\"208\"><p><strong>Legitimacy of processing<\/strong><\/p><\/td><td width=\"359\"><p>Explicit consent of the data subject, by filling in and sending the form<\/p><\/td><\/tr><tr><td width=\"208\"><p><strong>Consent<\/strong><\/p><\/td><td width=\"359\"><p>By clicking to send the form<\/p><\/td><\/tr><tr><td width=\"208\"><p><strong>Recipients<\/strong><\/p><\/td><td width=\"359\"><p>Data processors required exclusively for the provision of the service, and in the cases provided for by law<\/p><\/td><\/tr><tr><td width=\"208\"><p><strong>Exercise of rights<\/strong><\/p><\/td><td width=\"359\"><p>Access, objection, restriction and others at <a href=\"mailto:privacidade@glinttglobal.com\">privacidade@glinttglobal.com<\/a><\/p><\/td><\/tr><tr><td width=\"208\"><p><strong>Additional information<\/strong><\/p><\/td><td width=\"359\"><p><a href=\"https:\/\/glinttglobal.com\/en\/privacy-policy\/\">Privacy Policy<\/a><\/p><\/td><\/tr><\/tbody><\/table>\t\t\t\t\t\t\t\t<\/div>\n\t\t\t\t<\/div>\n\t\t\t\t<div class=\"elementor-element elementor-element-b32873d elementor-widget-divider--view-line elementor-widget elementor-widget-divider\" data-id=\"b32873d\" data-element_type=\"widget\" data-e-type=\"widget\" data-widget_type=\"divider.default\">\n\t\t\t\t<div class=\"elementor-widget-container\">\n\t\t\t\t\t\t\t<div class=\"elementor-divider\">\n\t\t\t<span class=\"elementor-divider-separator\">\n\t\t\t\t\t\t<\/span>\n\t\t<\/div>\n\t\t\t\t\t\t<\/div>\n\t\t\t\t<\/div>\n\t\t\t\t<div class=\"elementor-element elementor-element-1dc8855 animated-slow elementor-invisible elementor-widget elementor-widget-heading\" data-id=\"1dc8855\" data-element_type=\"widget\" data-e-type=\"widget\" data-settings=\"{&quot;_animation_delay&quot;:400,&quot;_animation&quot;:&quot;fadeInDown&quot;}\" data-widget_type=\"heading.default\">\n\t\t\t\t<div class=\"elementor-widget-container\">\n\t\t\t\t\t<h4 class=\"elementor-heading-title elementor-size-default\">Copyright \u00a9 2024 \u2013 Glintt Global, S.A.<\/h4>\t\t\t\t<\/div>\n\t\t\t\t<\/div>\n\t\t\t\t<div class=\"elementor-element elementor-element-f578d3e elementor-widget elementor-widget-text-editor\" data-id=\"f578d3e\" data-element_type=\"widget\" data-e-type=\"widget\" data-widget_type=\"text-editor.default\">\n\t\t\t\t<div class=\"elementor-widget-container\">\n\t\t\t\t\t\t\t\t\t<p>All copyright is reserved by international intellectual property laws and treaties. Its copying, reproduction or dissemination, in whole or in part, by any means is expressly prohibited.<\/p>\t\t\t\t\t\t\t\t<\/div>\n\t\t\t\t<\/div>\n\t\t\t\t\t<\/div>\n\t\t\t\t<\/div>\n\t\t\t\t\t<\/div>\n\t\t\t\t<\/div>\n\t\t<div class=\"elementor-element elementor-element-0f84c5b animated-slow e-flex e-con-boxed elementor-invisible e-con e-parent\" data-id=\"0f84c5b\" data-element_type=\"container\" data-e-type=\"container\" data-settings=\"{&quot;animation&quot;:&quot;zoomIn&quot;}\">\n\t\t\t\t\t<div class=\"e-con-inner\">\n\t\t<div class=\"elementor-element elementor-element-e41e739 e-flex e-con-boxed e-con e-child\" data-id=\"e41e739\" data-element_type=\"container\" data-e-type=\"container\" data-settings=\"{&quot;background_background&quot;:&quot;classic&quot;,&quot;motion_fx_motion_fx_scrolling&quot;:&quot;yes&quot;,&quot;motion_fx_devices&quot;:[&quot;desktop&quot;,&quot;tablet&quot;,&quot;mobile&quot;]}\">\n\t\t\t\t\t<div class=\"e-con-inner\">\n\t\t\t\t<div class=\"elementor-element elementor-element-b7342ab elementor-widget elementor-widget-heading\" data-id=\"b7342ab\" data-element_type=\"widget\" data-e-type=\"widget\" data-widget_type=\"heading.default\">\n\t\t\t\t<div class=\"elementor-widget-container\">\n\t\t\t\t\t<h3 class=\"elementor-heading-title elementor-size-default\">Discover Glintt Life, our leading iberian healthtech sub-brand<\/h3>\t\t\t\t<\/div>\n\t\t\t\t<\/div>\n\t\t\t\t<div class=\"elementor-element elementor-element-a225f1e elementor-widget elementor-widget-button\" data-id=\"a225f1e\" data-element_type=\"widget\" data-e-type=\"widget\" data-widget_type=\"button.default\">\n\t\t\t\t<div class=\"elementor-widget-container\">\n\t\t\t\t\t\t\t\t\t<div class=\"elementor-button-wrapper\">\n\t\t\t\t\t<a class=\"elementor-button elementor-button-link elementor-size-sm\" href=\"https:\/\/www.glinttlife.com\/\">\n\t\t\t\t\t\t<span class=\"elementor-button-content-wrapper\">\n\t\t\t\t\t\t<span class=\"elementor-button-icon\">\n\t\t\t\t<svg xmlns=\"http:\/\/www.w3.org\/2000\/svg\" id=\"Layer_1\" data-name=\"Layer 1\" viewBox=\"0 0 23.71 11.81\"><g id=\"btn-arrow\"><g><path id=\"Caminho_185\" data-name=\"Caminho 185\" d=\"M0,5.91H23\" transform=\"translate(0 0)\"><\/path><rect y=\"5.41\" width=\"23\" height=\"1\"><\/rect><\/g><polygon points=\"17.8 11.81 17.09 11.1 22.29 5.91 17.09 0.71 17.8 0 23.71 5.91 17.8 11.81\"><\/polygon><\/g><\/svg>\t\t\t<\/span>\n\t\t\t\t\t\t\t\t\t<span class=\"elementor-button-text\">visit glintt life<\/span>\n\t\t\t\t\t<\/span>\n\t\t\t\t\t<\/a>\n\t\t\t\t<\/div>\n\t\t\t\t\t\t\t\t<\/div>\n\t\t\t\t<\/div>\n\t\t\t\t\t<\/div>\n\t\t\t\t<\/div>\n\t\t<div class=\"elementor-element elementor-element-9c19791 e-flex e-con-boxed e-con e-child\" data-id=\"9c19791\" data-element_type=\"container\" data-e-type=\"container\">\n\t\t\t\t\t<div class=\"e-con-inner\">\n\t\t\t\t<div class=\"elementor-element elementor-element-abc5e32 elementor-widget elementor-widget-heading\" data-id=\"abc5e32\" data-element_type=\"widget\" data-e-type=\"widget\" data-widget_type=\"heading.default\">\n\t\t\t\t<div class=\"elementor-widget-container\">\n\t\t\t\t\t<h3 class=\"elementor-heading-title elementor-size-default\">Discover Glintt Next, the multi-sector technology consulting sub-brand<\/h3>\t\t\t\t<\/div>\n\t\t\t\t<\/div>\n\t\t\t\t<div class=\"elementor-element elementor-element-544cdec elementor-widget elementor-widget-button\" data-id=\"544cdec\" data-element_type=\"widget\" data-e-type=\"widget\" data-widget_type=\"button.default\">\n\t\t\t\t<div class=\"elementor-widget-container\">\n\t\t\t\t\t\t\t\t\t<div class=\"elementor-button-wrapper\">\n\t\t\t\t\t<a class=\"elementor-button elementor-button-link elementor-size-sm\" href=\"https:\/\/www.glinttnext.com\/\">\n\t\t\t\t\t\t<span class=\"elementor-button-content-wrapper\">\n\t\t\t\t\t\t<span class=\"elementor-button-icon\">\n\t\t\t\t<svg xmlns=\"http:\/\/www.w3.org\/2000\/svg\" id=\"Layer_1\" data-name=\"Layer 1\" viewBox=\"0 0 23.71 11.81\"><g id=\"btn-arrow\"><g><path id=\"Caminho_185\" data-name=\"Caminho 185\" d=\"M0,5.91H23\" transform=\"translate(0 0)\"><\/path><rect y=\"5.41\" width=\"23\" height=\"1\"><\/rect><\/g><polygon points=\"17.8 11.81 17.09 11.1 22.29 5.91 17.09 0.71 17.8 0 23.71 5.91 17.8 11.81\"><\/polygon><\/g><\/svg>\t\t\t<\/span>\n\t\t\t\t\t\t\t\t\t<span class=\"elementor-button-text\">visit glintt next<\/span>\n\t\t\t\t\t<\/span>\n\t\t\t\t\t<\/a>\n\t\t\t\t<\/div>\n\t\t\t\t\t\t\t\t<\/div>\n\t\t\t\t<\/div>\n\t\t\t\t\t<\/div>\n\t\t\t\t<\/div>\n\t\t\t\t\t<\/div>\n\t\t\t\t<\/div>\n\t\t\t\t<\/div>\n\t\t","protected":false},"excerpt":{"rendered":"<p>Data treatment, with rules, we take care of the privacy of your personal data<\/p>\n","protected":false},"author":3,"featured_media":9525,"parent":0,"menu_order":0,"comment_status":"closed","ping_status":"closed","template":"elementor_header_footer","meta":{"footnotes":""},"class_list":["post-9539","page","type-page","status-publish","has-post-thumbnail","hentry"],"yoast_head":"<!-- This site is optimized with the Yoast SEO plugin v27.3 - https:\/\/yoast.com\/product\/yoast-seo-wordpress\/ -->\n<title>Data treatment | Glintt Global<\/title>\n<meta name=\"description\" content=\"Prote\u00e7\u00e3o de dados, todas as informa\u00e7\u00f5es essenciais para garantir a privacidade dos seus dados. Cuidamos de si!\" \/>\n<meta name=\"robots\" content=\"index, follow, max-snippet:-1, max-image-preview:large, max-video-preview:-1\" \/>\n<link rel=\"canonical\" href=\"https:\/\/glinttglobal.com\/en\/data-treatment\/\" \/>\n<meta property=\"og:locale\" content=\"en_US\" \/>\n<meta property=\"og:type\" content=\"article\" \/>\n<meta property=\"og:title\" content=\"Data treatment | Glintt Global\" \/>\n<meta property=\"og:description\" content=\"Prote\u00e7\u00e3o de dados, todas as informa\u00e7\u00f5es essenciais para garantir a privacidade dos seus dados. Cuidamos de si!\" \/>\n<meta property=\"og:url\" content=\"https:\/\/glinttglobal.com\/en\/data-treatment\/\" \/>\n<meta property=\"og:site_name\" content=\"Glintt Global\" \/>\n<meta property=\"article:publisher\" content=\"https:\/\/www.facebook.com\/GlinttGlobal\" \/>\n<meta property=\"article:modified_time\" content=\"2025-02-22T19:19:28+00:00\" \/>\n<meta property=\"og:image\" content=\"https:\/\/glinttglobal.com\/wp-content\/uploads\/2024\/12\/iStock-530706783-e1733016641877.jpg\" \/>\n\t<meta property=\"og:image:width\" content=\"699\" \/>\n\t<meta property=\"og:image:height\" content=\"500\" \/>\n\t<meta property=\"og:image:type\" content=\"image\/jpeg\" \/>\n<meta name=\"twitter:card\" content=\"summary_large_image\" \/>\n<meta name=\"twitter:label1\" content=\"Est. reading time\" \/>\n\t<meta name=\"twitter:data1\" content=\"1 minute\" \/>\n<script type=\"application\/ld+json\" class=\"yoast-schema-graph\">{\"@context\":\"https:\\\/\\\/schema.org\",\"@graph\":[{\"@type\":\"WebPage\",\"@id\":\"https:\\\/\\\/glinttglobal.com\\\/en\\\/data-treatment\\\/\",\"url\":\"https:\\\/\\\/glinttglobal.com\\\/en\\\/data-treatment\\\/\",\"name\":\"Data treatment | Glintt Global\",\"isPartOf\":{\"@id\":\"https:\\\/\\\/glinttglobal.com\\\/#website\"},\"primaryImageOfPage\":{\"@id\":\"https:\\\/\\\/glinttglobal.com\\\/en\\\/data-treatment\\\/#primaryimage\"},\"image\":{\"@id\":\"https:\\\/\\\/glinttglobal.com\\\/en\\\/data-treatment\\\/#primaryimage\"},\"thumbnailUrl\":\"https:\\\/\\\/glinttglobal.com\\\/wp-content\\\/uploads\\\/2024\\\/12\\\/iStock-530706783-e1733016641877.jpg\",\"datePublished\":\"2024-12-01T01:36:21+00:00\",\"dateModified\":\"2025-02-22T19:19:28+00:00\",\"description\":\"Prote\u00e7\u00e3o de dados, todas as informa\u00e7\u00f5es essenciais para garantir a privacidade dos seus dados. Cuidamos de si!\",\"breadcrumb\":{\"@id\":\"https:\\\/\\\/glinttglobal.com\\\/en\\\/data-treatment\\\/#breadcrumb\"},\"inLanguage\":\"en-US\",\"potentialAction\":[{\"@type\":\"ReadAction\",\"target\":[\"https:\\\/\\\/glinttglobal.com\\\/en\\\/data-treatment\\\/\"]}]},{\"@type\":\"ImageObject\",\"inLanguage\":\"en-US\",\"@id\":\"https:\\\/\\\/glinttglobal.com\\\/en\\\/data-treatment\\\/#primaryimage\",\"url\":\"https:\\\/\\\/glinttglobal.com\\\/wp-content\\\/uploads\\\/2024\\\/12\\\/iStock-530706783-e1733016641877.jpg\",\"contentUrl\":\"https:\\\/\\\/glinttglobal.com\\\/wp-content\\\/uploads\\\/2024\\\/12\\\/iStock-530706783-e1733016641877.jpg\",\"width\":699,\"height\":500,\"caption\":\"Double exposure of businessman and cityscape. Business &amp; technology concept.\"},{\"@type\":\"BreadcrumbList\",\"@id\":\"https:\\\/\\\/glinttglobal.com\\\/en\\\/data-treatment\\\/#breadcrumb\",\"itemListElement\":[{\"@type\":\"ListItem\",\"position\":1,\"name\":\"In\u00edcio\",\"item\":\"https:\\\/\\\/glinttglobal.com\\\/\"},{\"@type\":\"ListItem\",\"position\":2,\"name\":\"Data treatment\"}]},{\"@type\":\"WebSite\",\"@id\":\"https:\\\/\\\/glinttglobal.com\\\/#website\",\"url\":\"https:\\\/\\\/glinttglobal.com\\\/\",\"name\":\"Glintt Global\",\"description\":\"we think tech\",\"publisher\":{\"@id\":\"https:\\\/\\\/glinttglobal.com\\\/#organization\"},\"potentialAction\":[{\"@type\":\"SearchAction\",\"target\":{\"@type\":\"EntryPoint\",\"urlTemplate\":\"https:\\\/\\\/glinttglobal.com\\\/?s={search_term_string}\"},\"query-input\":{\"@type\":\"PropertyValueSpecification\",\"valueRequired\":true,\"valueName\":\"search_term_string\"}}],\"inLanguage\":\"en-US\"},{\"@type\":\"Organization\",\"@id\":\"https:\\\/\\\/glinttglobal.com\\\/#organization\",\"name\":\"Glintt Global\",\"url\":\"https:\\\/\\\/glinttglobal.com\\\/\",\"logo\":{\"@type\":\"ImageObject\",\"inLanguage\":\"en-US\",\"@id\":\"https:\\\/\\\/glinttglobal.com\\\/#\\\/schema\\\/logo\\\/image\\\/\",\"url\":\"https:\\\/\\\/glinttglobal.com\\\/wp-content\\\/uploads\\\/2024\\\/05\\\/GG_logoV_TEX_NAVY_RGB_ASS.png\",\"contentUrl\":\"https:\\\/\\\/glinttglobal.com\\\/wp-content\\\/uploads\\\/2024\\\/05\\\/GG_logoV_TEX_NAVY_RGB_ASS.png\",\"width\":4001,\"height\":2251,\"caption\":\"Glintt Global\"},\"image\":{\"@id\":\"https:\\\/\\\/glinttglobal.com\\\/#\\\/schema\\\/logo\\\/image\\\/\"},\"sameAs\":[\"https:\\\/\\\/www.facebook.com\\\/GlinttGlobal\",\"https:\\\/\\\/www.instagram.com\\\/glinttglobalpt\",\"https:\\\/\\\/www.linkedin.com\\\/company\\\/glinttglobal\",\"https:\\\/\\\/www.youtube.com\\\/@glinttglobal\",\"https:\\\/\\\/www.instagram.com\\\/glinttglobales\"]}]}<\/script>\n<!-- \/ Yoast SEO plugin. -->","yoast_head_json":{"title":"Data treatment | Glintt Global","description":"Prote\u00e7\u00e3o de dados, todas as informa\u00e7\u00f5es essenciais para garantir a privacidade dos seus dados. Cuidamos de si!","robots":{"index":"index","follow":"follow","max-snippet":"max-snippet:-1","max-image-preview":"max-image-preview:large","max-video-preview":"max-video-preview:-1"},"canonical":"https:\/\/glinttglobal.com\/en\/data-treatment\/","og_locale":"en_US","og_type":"article","og_title":"Data treatment | Glintt Global","og_description":"Prote\u00e7\u00e3o de dados, todas as informa\u00e7\u00f5es essenciais para garantir a privacidade dos seus dados. Cuidamos de si!","og_url":"https:\/\/glinttglobal.com\/en\/data-treatment\/","og_site_name":"Glintt Global","article_publisher":"https:\/\/www.facebook.com\/GlinttGlobal","article_modified_time":"2025-02-22T19:19:28+00:00","og_image":[{"width":699,"height":500,"url":"https:\/\/glinttglobal.com\/wp-content\/uploads\/2024\/12\/iStock-530706783-e1733016641877.jpg","type":"image\/jpeg"}],"twitter_card":"summary_large_image","twitter_misc":{"Est. reading time":"1 minute"},"schema":{"@context":"https:\/\/schema.org","@graph":[{"@type":"WebPage","@id":"https:\/\/glinttglobal.com\/en\/data-treatment\/","url":"https:\/\/glinttglobal.com\/en\/data-treatment\/","name":"Data treatment | Glintt Global","isPartOf":{"@id":"https:\/\/glinttglobal.com\/#website"},"primaryImageOfPage":{"@id":"https:\/\/glinttglobal.com\/en\/data-treatment\/#primaryimage"},"image":{"@id":"https:\/\/glinttglobal.com\/en\/data-treatment\/#primaryimage"},"thumbnailUrl":"https:\/\/glinttglobal.com\/wp-content\/uploads\/2024\/12\/iStock-530706783-e1733016641877.jpg","datePublished":"2024-12-01T01:36:21+00:00","dateModified":"2025-02-22T19:19:28+00:00","description":"Prote\u00e7\u00e3o de dados, todas as informa\u00e7\u00f5es essenciais para garantir a privacidade dos seus dados. Cuidamos de si!","breadcrumb":{"@id":"https:\/\/glinttglobal.com\/en\/data-treatment\/#breadcrumb"},"inLanguage":"en-US","potentialAction":[{"@type":"ReadAction","target":["https:\/\/glinttglobal.com\/en\/data-treatment\/"]}]},{"@type":"ImageObject","inLanguage":"en-US","@id":"https:\/\/glinttglobal.com\/en\/data-treatment\/#primaryimage","url":"https:\/\/glinttglobal.com\/wp-content\/uploads\/2024\/12\/iStock-530706783-e1733016641877.jpg","contentUrl":"https:\/\/glinttglobal.com\/wp-content\/uploads\/2024\/12\/iStock-530706783-e1733016641877.jpg","width":699,"height":500,"caption":"Double exposure of businessman and cityscape. Business &amp; technology concept."},{"@type":"BreadcrumbList","@id":"https:\/\/glinttglobal.com\/en\/data-treatment\/#breadcrumb","itemListElement":[{"@type":"ListItem","position":1,"name":"In\u00edcio","item":"https:\/\/glinttglobal.com\/"},{"@type":"ListItem","position":2,"name":"Data treatment"}]},{"@type":"WebSite","@id":"https:\/\/glinttglobal.com\/#website","url":"https:\/\/glinttglobal.com\/","name":"Glintt Global","description":"we think tech","publisher":{"@id":"https:\/\/glinttglobal.com\/#organization"},"potentialAction":[{"@type":"SearchAction","target":{"@type":"EntryPoint","urlTemplate":"https:\/\/glinttglobal.com\/?s={search_term_string}"},"query-input":{"@type":"PropertyValueSpecification","valueRequired":true,"valueName":"search_term_string"}}],"inLanguage":"en-US"},{"@type":"Organization","@id":"https:\/\/glinttglobal.com\/#organization","name":"Glintt Global","url":"https:\/\/glinttglobal.com\/","logo":{"@type":"ImageObject","inLanguage":"en-US","@id":"https:\/\/glinttglobal.com\/#\/schema\/logo\/image\/","url":"https:\/\/glinttglobal.com\/wp-content\/uploads\/2024\/05\/GG_logoV_TEX_NAVY_RGB_ASS.png","contentUrl":"https:\/\/glinttglobal.com\/wp-content\/uploads\/2024\/05\/GG_logoV_TEX_NAVY_RGB_ASS.png","width":4001,"height":2251,"caption":"Glintt Global"},"image":{"@id":"https:\/\/glinttglobal.com\/#\/schema\/logo\/image\/"},"sameAs":["https:\/\/www.facebook.com\/GlinttGlobal","https:\/\/www.instagram.com\/glinttglobalpt","https:\/\/www.linkedin.com\/company\/glinttglobal","https:\/\/www.youtube.com\/@glinttglobal","https:\/\/www.instagram.com\/glinttglobales"]}]}},"_links":{"self":[{"href":"https:\/\/glinttglobal.com\/en\/wp-json\/wp\/v2\/pages\/9539","targetHints":{"allow":["GET"]}}],"collection":[{"href":"https:\/\/glinttglobal.com\/en\/wp-json\/wp\/v2\/pages"}],"about":[{"href":"https:\/\/glinttglobal.com\/en\/wp-json\/wp\/v2\/types\/page"}],"author":[{"embeddable":true,"href":"https:\/\/glinttglobal.com\/en\/wp-json\/wp\/v2\/users\/3"}],"replies":[{"embeddable":true,"href":"https:\/\/glinttglobal.com\/en\/wp-json\/wp\/v2\/comments?post=9539"}],"version-history":[{"count":49,"href":"https:\/\/glinttglobal.com\/en\/wp-json\/wp\/v2\/pages\/9539\/revisions"}],"predecessor-version":[{"id":9725,"href":"https:\/\/glinttglobal.com\/en\/wp-json\/wp\/v2\/pages\/9539\/revisions\/9725"}],"wp:featuredmedia":[{"embeddable":true,"href":"https:\/\/glinttglobal.com\/en\/wp-json\/wp\/v2\/media\/9525"}],"wp:attachment":[{"href":"https:\/\/glinttglobal.com\/en\/wp-json\/wp\/v2\/media?parent=9539"}],"curies":[{"name":"wp","href":"https:\/\/api.w.org\/{rel}","templated":true}]}}